{"id":31,"date":"2023-08-09T19:25:29","date_gmt":"2023-08-09T19:25:29","guid":{"rendered":"https:\/\/etraph.com\/?page_id=31"},"modified":"2023-11-29T09:43:31","modified_gmt":"2023-11-29T09:43:31","slug":"a-propos","status":"publish","type":"page","link":"https:\/\/etraph.com\/ar\/a-propos\/","title":{"rendered":"\u0627\u0644\u062a\u0642\u062f\u064a\u0645 \ufe91\ufe8e\ufedf\ufeb8\ufeae\ufedb\ufe94"},"content":{"rendered":"<div data-elementor-type=\"wp-page\" data-elementor-id=\"31\" class=\"elementor elementor-31\">\n\t\t\t\t\t\t\t\t\t<section class=\"elementor-section elementor-top-section elementor-element elementor-element-5d862f1 elementor-section-full_width elementor-section-content-middle elementor-section-height-default elementor-section-height-default\" data-id=\"5d862f1\" data-element_type=\"section\">\n\t\t\t\t\t\t<div class=\"elementor-container elementor-column-gap-no\">\n\t\t\t\t\t<div class=\"elementor-column elementor-col-100 elementor-top-column elementor-element elementor-element-697029ed\" data-id=\"697029ed\" data-element_type=\"column\">\n\t\t\t<div class=\"elementor-widget-wrap elementor-element-populated\">\n\t\t\t\t\t\t\t\t<div class=\"elementor-element elementor-element-0d8cf94 elementor-widget-divider--view-line elementor-widget elementor-widget-divider\" data-id=\"0d8cf94\" data-element_type=\"widget\" data-widget_type=\"divider.default\">\n\t\t\t\t<div class=\"elementor-widget-container\">\n\t\t\t<style>\/*! elementor - v3.15.0 - 09-08-2023 *\/\n.elementor-widget-divider{--divider-border-style:none;--divider-border-width:1px;--divider-color:#0c0d0e;--divider-icon-size:20px;--divider-element-spacing:10px;--divider-pattern-height:24px;--divider-pattern-size:20px;--divider-pattern-url:none;--divider-pattern-repeat:repeat-x}.elementor-widget-divider .elementor-divider{display:flex}.elementor-widget-divider .elementor-divider__text{font-size:15px;line-height:1;max-width:95%}.elementor-widget-divider .elementor-divider__element{margin:0 var(--divider-element-spacing);flex-shrink:0}.elementor-widget-divider .elementor-icon{font-size:var(--divider-icon-size)}.elementor-widget-divider .elementor-divider-separator{display:flex;margin:0;direction:ltr}.elementor-widget-divider--view-line_icon .elementor-divider-separator,.elementor-widget-divider--view-line_text .elementor-divider-separator{align-items:center}.elementor-widget-divider--view-line_icon .elementor-divider-separator:after,.elementor-widget-divider--view-line_icon .elementor-divider-separator:before,.elementor-widget-divider--view-line_text .elementor-divider-separator:after,.elementor-widget-divider--view-line_text .elementor-divider-separator:before{display:block;content:\"\";border-bottom:0;flex-grow:1;border-top:var(--divider-border-width) var(--divider-border-style) var(--divider-color)}.elementor-widget-divider--element-align-left .elementor-divider .elementor-divider-separator>.elementor-divider__svg:first-of-type{flex-grow:0;flex-shrink:100}.elementor-widget-divider--element-align-left .elementor-divider-separator:before{content:none}.elementor-widget-divider--element-align-left .elementor-divider__element{margin-left:0}.elementor-widget-divider--element-align-right .elementor-divider .elementor-divider-separator>.elementor-divider__svg:last-of-type{flex-grow:0;flex-shrink:100}.elementor-widget-divider--element-align-right .elementor-divider-separator:after{content:none}.elementor-widget-divider--element-align-right .elementor-divider__element{margin-right:0}.elementor-widget-divider:not(.elementor-widget-divider--view-line_text):not(.elementor-widget-divider--view-line_icon) .elementor-divider-separator{border-top:var(--divider-border-width) var(--divider-border-style) var(--divider-color)}.elementor-widget-divider--separator-type-pattern{--divider-border-style:none}.elementor-widget-divider--separator-type-pattern.elementor-widget-divider--view-line .elementor-divider-separator,.elementor-widget-divider--separator-type-pattern:not(.elementor-widget-divider--view-line) .elementor-divider-separator:after,.elementor-widget-divider--separator-type-pattern:not(.elementor-widget-divider--view-line) .elementor-divider-separator:before,.elementor-widget-divider--separator-type-pattern:not([class*=elementor-widget-divider--view]) .elementor-divider-separator{width:100%;min-height:var(--divider-pattern-height);-webkit-mask-size:var(--divider-pattern-size) 100%;mask-size:var(--divider-pattern-size) 100%;-webkit-mask-repeat:var(--divider-pattern-repeat);mask-repeat:var(--divider-pattern-repeat);background-color:var(--divider-color);-webkit-mask-image:var(--divider-pattern-url);mask-image:var(--divider-pattern-url)}.elementor-widget-divider--no-spacing{--divider-pattern-size:auto}.elementor-widget-divider--bg-round{--divider-pattern-repeat:round}.rtl .elementor-widget-divider .elementor-divider__text{direction:rtl}.e-con-inner>.elementor-widget-divider,.e-con>.elementor-widget-divider{width:var(--container-widget-width,100%);--flex-grow:var(--container-widget-flex-grow)}<\/style>\t\t<div class=\"elementor-divider\">\n\t\t\t<span class=\"elementor-divider-separator\">\n\t\t\t\t\t\t<\/span>\n\t\t<\/div>\n\t\t\t\t<\/div>\n\t\t\t\t<\/div>\n\t\t\t\t<div class=\"elementor-element elementor-element-3a6528d2 elementor-widget elementor-widget-heading\" data-id=\"3a6528d2\" data-element_type=\"widget\" data-widget_type=\"heading.default\">\n\t\t\t\t<div class=\"elementor-widget-container\">\n\t\t\t<style>\/*! elementor - v3.15.0 - 09-08-2023 *\/\n.elementor-heading-title{padding:0;margin:0;line-height:1}.elementor-widget-heading .elementor-heading-title[class*=elementor-size-]>a{color:inherit;font-size:inherit;line-height:inherit}.elementor-widget-heading .elementor-heading-title.elementor-size-small{font-size:15px}.elementor-widget-heading .elementor-heading-title.elementor-size-medium{font-size:19px}.elementor-widget-heading .elementor-heading-title.elementor-size-large{font-size:29px}.elementor-widget-heading .elementor-heading-title.elementor-size-xl{font-size:39px}.elementor-widget-heading .elementor-heading-title.elementor-size-xxl{font-size:59px}<\/style><h1 class=\"elementor-heading-title elementor-size-default translation-block\">\ufedf\ufe98\ufecc\ufeae\ufef3\ufed2 \ufe91\ufe8e\ufedf\ufeb8\ufeae\ufedb\ufe94 \u0648 \ufe97\ufe8e\u0631\ufef3\ufea8\ufeec\ufe8e<\/h1>\t\t<\/div>\n\t\t\t\t<\/div>\n\t\t\t\t<div class=\"elementor-element elementor-element-767ba7a elementor-widget-divider--view-line elementor-widget elementor-widget-divider\" data-id=\"767ba7a\" data-element_type=\"widget\" data-widget_type=\"divider.default\">\n\t\t\t\t<div class=\"elementor-widget-container\">\n\t\t\t\t\t<div class=\"elementor-divider\">\n\t\t\t<span class=\"elementor-divider-separator\">\n\t\t\t\t\t\t<\/span>\n\t\t<\/div>\n\t\t\t\t<\/div>\n\t\t\t\t<\/div>\n\t\t\t\t\t<\/div>\n\t\t<\/div>\n\t\t\t\t\t\t\t<\/div>\n\t\t<\/section>\n\t\t\t\t<section class=\"elementor-section elementor-top-section elementor-element elementor-element-4db9502b elementor-section-full_width elementor-reverse-tablet elementor-reverse-mobile elementor-section-height-default elementor-section-height-default\" data-id=\"4db9502b\" data-element_type=\"section\">\n\t\t\t\t\t\t<div class=\"elementor-container elementor-column-gap-no\">\n\t\t\t\t\t<div class=\"elementor-column elementor-col-50 elementor-top-column elementor-element elementor-element-45727679\" data-id=\"45727679\" data-element_type=\"column\">\n\t\t\t<div class=\"elementor-widget-wrap elementor-element-populated\">\n\t\t\t\t\t\t\t\t<div class=\"elementor-element elementor-element-69176259 elementor-widget__width-initial animated-slow elementor-widget-tablet__width-initial elementor-widget-mobile__width-initial elementor-invisible elementor-widget elementor-widget-spacer\" data-id=\"69176259\" data-element_type=\"widget\" data-settings=\"{&quot;motion_fx_motion_fx_scrolling&quot;:&quot;yes&quot;,&quot;motion_fx_translateY_effect&quot;:&quot;yes&quot;,&quot;motion_fx_translateY_affectedRange&quot;:{&quot;unit&quot;:&quot;%&quot;,&quot;size&quot;:&quot;&quot;,&quot;sizes&quot;:{&quot;start&quot;:&quot;50&quot;,&quot;end&quot;:&quot;99&quot;}},&quot;motion_fx_translateY_direction&quot;:&quot;negative&quot;,&quot;_animation&quot;:&quot;fadeInDown&quot;,&quot;motion_fx_translateY_speed&quot;:{&quot;unit&quot;:&quot;px&quot;,&quot;size&quot;:4,&quot;sizes&quot;:[]},&quot;motion_fx_devices&quot;:[&quot;desktop&quot;,&quot;tablet&quot;,&quot;mobile&quot;]}\" data-widget_type=\"spacer.default\">\n\t\t\t\t<div class=\"elementor-widget-container\">\n\t\t\t<style>\/*! elementor - v3.15.0 - 09-08-2023 *\/\n.elementor-column .elementor-spacer-inner{height:var(--spacer-size)}.e-con{--container-widget-width:100%}.e-con-inner>.elementor-widget-spacer,.e-con>.elementor-widget-spacer{width:var(--container-widget-width,var(--spacer-size));--align-self:var(--container-widget-align-self,initial);--flex-shrink:0}.e-con-inner>.elementor-widget-spacer>.elementor-widget-container,.e-con-inner>.elementor-widget-spacer>.elementor-widget-container>.elementor-spacer,.e-con>.elementor-widget-spacer>.elementor-widget-container,.e-con>.elementor-widget-spacer>.elementor-widget-container>.elementor-spacer{height:100%}.e-con-inner>.elementor-widget-spacer>.elementor-widget-container>.elementor-spacer>.elementor-spacer-inner,.e-con>.elementor-widget-spacer>.elementor-widget-container>.elementor-spacer>.elementor-spacer-inner{height:var(--container-widget-height,var(--spacer-size))}<\/style>\t\t<div class=\"elementor-spacer\">\n\t\t\t<div class=\"elementor-spacer-inner\"><\/div>\n\t\t<\/div>\n\t\t\t\t<\/div>\n\t\t\t\t<\/div>\n\t\t\t\t<div class=\"elementor-element elementor-element-599c5d58 elementor-widget__width-initial animated-slow elementor-widget-tablet__width-initial elementor-widget-mobile__width-initial elementor-invisible elementor-widget elementor-widget-spacer\" data-id=\"599c5d58\" data-element_type=\"widget\" data-settings=\"{&quot;motion_fx_motion_fx_scrolling&quot;:&quot;yes&quot;,&quot;motion_fx_translateY_effect&quot;:&quot;yes&quot;,&quot;motion_fx_translateY_affectedRange&quot;:{&quot;unit&quot;:&quot;%&quot;,&quot;size&quot;:&quot;&quot;,&quot;sizes&quot;:{&quot;start&quot;:&quot;50&quot;,&quot;end&quot;:&quot;99&quot;}},&quot;_animation&quot;:&quot;fadeInUp&quot;,&quot;motion_fx_translateY_speed&quot;:{&quot;unit&quot;:&quot;px&quot;,&quot;size&quot;:4,&quot;sizes&quot;:[]},&quot;motion_fx_devices&quot;:[&quot;desktop&quot;,&quot;tablet&quot;,&quot;mobile&quot;]}\" data-widget_type=\"spacer.default\">\n\t\t\t\t<div class=\"elementor-widget-container\">\n\t\t\t\t\t<div class=\"elementor-spacer\">\n\t\t\t<div class=\"elementor-spacer-inner\"><\/div>\n\t\t<\/div>\n\t\t\t\t<\/div>\n\t\t\t\t<\/div>\n\t\t\t\t\t<\/div>\n\t\t<\/div>\n\t\t\t\t<div class=\"elementor-column elementor-col-50 elementor-top-column elementor-element elementor-element-518f61ea\" data-id=\"518f61ea\" data-element_type=\"column\">\n\t\t\t<div class=\"elementor-widget-wrap elementor-element-populated\">\n\t\t\t\t\t\t\t\t<div class=\"elementor-element elementor-element-bd25fdd elementor-widget elementor-widget-text-editor\" data-id=\"bd25fdd\" data-element_type=\"widget\" data-widget_type=\"text-editor.default\">\n\t\t\t\t<div class=\"elementor-widget-container\">\n\t\t\t<style>\/*! elementor - v3.15.0 - 09-08-2023 *\/\n.elementor-widget-text-editor.elementor-drop-cap-view-stacked .elementor-drop-cap{background-color:#69727d;color:#fff}.elementor-widget-text-editor.elementor-drop-cap-view-framed .elementor-drop-cap{color:#69727d;border:3px solid;background-color:transparent}.elementor-widget-text-editor:not(.elementor-drop-cap-view-default) .elementor-drop-cap{margin-top:8px}.elementor-widget-text-editor:not(.elementor-drop-cap-view-default) .elementor-drop-cap-letter{width:1em;height:1em}.elementor-widget-text-editor .elementor-drop-cap{float:left;text-align:center;line-height:1;font-size:50px}.elementor-widget-text-editor .elementor-drop-cap-letter{display:inline-block}<\/style>\t\t\t\t<p class=\"p1\"><strong><span class=\"s1\">\u0623\ufec3\ufeae\u0627\u0641 <\/span><\/strong>\ufeeb\ufef2 \ufeb7\ufeae\ufedb\ufe94 \ufee3\ufed8\ufe8e\u0648\ufefb\u062a \ufecb\ufe8e\ufee3\ufe94 \ufe97\ufee2 \u0625\ufee7\ufeb8\ufe8e\u0624\ufeeb\ufe8e \ufeb3\ufee8\ufe941960<\/p><p class=\"p1\">\u0627\u0627\ufecb\ufe98\ufee4\ufeaa\u062a \u0627\ufedf\ufeb8\ufeae\ufedb\ufe94 \ufea7\ufef4\ufe8e\u0631\u0627 \u0627\ufeb3\ufe98\ufeae\u0627\ufe97\ufef4\ufea0 \u064b\ufef4\ufe8e \ufee3\ufe8e \ufed3\ufe98\ufe8c\ufe96 \ufe97\ufedc\ufeae\ufeb3\ufeea \ufecb\ufee0\ufef0 \ufee3\ufeaa\u0649 \u0627\ufedf\ufeb4\ufee8\ufef4\ufee6 \ufee3\ufea4\ufeee\u0631\u0647 \ufe97\ufee8\ufeee\ufef3\ufeca \u0627\ufef7\ufee7\ufeb8\ufec4\ufe94 : \ufe91\ufee8\ufe8e\u0621\u0627\u062a \ufecb\ufe8e\ufee3\ufe94 ,\ufee3\ufeb4\ufe98\ufeb8\ufed4\ufef4\ufe8e\u062a,\ufee3\ufee8\ufeb8\ufe82\u062a \u2026\ufee3\ufe8e\ufe8b\ufef4\ufe94,\ufe9f\ufeb4\ufeee\u0631,\ufee3\ufe92\ufe8e\u0646 \ufebb\ufee8\ufe8e\ufecb\ufef4\ufe94,\u0623\ufecb\ufee4\ufe8e\u0644 \ufe97\ufeae\u0627\ufe91\ufef4\ufe94 \u0648 \u0623\ufecb\ufee4\ufe8e\u0644 \ufea3\ufed4\ufeae\ufef3\ufe8e\u062a<\/p><p class=\"p1 translation-block\">\ufec7\ufee0\ufe96 \u0623\ufec3\ufeae\u0627\u0641 \ufee3\ufee8\ufeac \ufe97\ufe84\ufeb3\ufef4\ufeb4\ufeec\ufe8e \ufe97\ufe98\ufec4\ufeee\u0631 \ufe91\ufed4\ufec0\ufede \ufe97\ufeaa\ufecb\ufef4\ufee2 \u0631\u0623\u0633 \ufee3\ufe8e\ufedf\ufeec\ufe8e\n.\u0627\ufedf\ufee4\ufe8e\u062f\u064a \u0648 \u0632\u0627\u062f\ufeeb\ufe8e \u0627\ufedf\ufe92\ufeb8\ufeae\u064a<\/p><p class=\"p1\">\u0648 \ufed7\ufeaa \ufe97\ufee4\ufedc\ufee8\ufe96 \ufe91\ufed4\ufec0\ufede \u0627\ufecb\ufe98\ufee4\ufe8e\u062f \ufee3\ufee8\ufe8e\ufeeb\ufe9e \u0627\ufedf\ufecc\ufee4\ufede \u0627\ufedf\ufea4\ufeaa\ufef3\ufe9c\ufe94 \u0648 \ufe97\ufeee\ufed3\ufef4\ufeae \ufed3\ufeae\u0635 \u0627\ufedf\ufe98\ufedc\ufeee\ufef3\ufee6 \u0627\ufedf\ufee4\ufeb4\ufe98\ufee4\ufeae \ufedf\ufecc\ufee4\ufe8e\ufedf\ufeec\ufe8e \ufee3\ufee6 \ufe97\ufea4\ufeb4\ufef4\ufee6 \ufee3\ufeae\u062f\u0648\u062f\ufeeb\ufe8e \u0648 \u0627\ufedf\ufe98\ufe84\ufed7\ufee0\ufee2 \ufee3\ufeca\n.\ufe97\ufea4\ufeee\ufefb\u062a \u0627\ufedf\ufeb4\ufeee\u0642 \u0627\ufedf\ufee4\ufeb4\ufe98\ufee4\ufeae\u0629 \u0625\u0646 \u0627\ufedf\ufea0\ufeee\u062f\u0629 \u0648 \u0627\ufea3\ufe98\ufeae\u0627\u0645 \u0627\ufef5\ufe9f\ufe8e\u0644 \u0627\ufedf\ufee4\ufe98\ufed4\ufed6 \ufecb\ufee0\ufef4\ufeec\ufe8e \ufef3\ufee4\ufe9c\ufefc\u0646 \u0627\ufedf\ufe98\ufeb0\u0627\ufee3\ufef4\ufee6 \ufe97\ufea4\ufeae\u0635 \u0627\ufedf\ufeb8\ufeae\ufedb\ufe94 \ufecb\ufee0\ufef0 \u0627\ufef9\ufef3\ufed4\ufe8e\u0621 \ufe91\ufeec\ufee4\ufe8e \ufe91\ufee4\ufe8e \ufef3\ufec0\ufee4\ufee6 \ufee3\ufeae\ufebf\ufe8e\u0629 \u0627\ufedf\ufea4\ufeae\ufed3\ufe8e\u0621 )\u0627\ufedf\ufed8\ufec4\ufe8e\ufecb\ufe8e\u0646\n).\u0627\ufedf\ufecc\ufe8e\u0645 \u0648\u0627\ufedf\ufea8\ufe8e\u0635<\/p><p class=\"p1 translation-block\">\ufe97\ufecc\ufe98\ufe92\ufeae \u0623\ufec3\ufeae\u0627\u0641 \ufee3\ufee6 \u0623\u0648\ufedf\ufef0 \ufeb7\ufeae\ufedb\ufe8e\u062a \u0627\ufedf\ufee4\ufed8\ufe8e\u0648\ufefb\u062a \u0627\ufedf\ufe98\ufeee\ufee7\ufeb4\ufef4\ufe94 \u0627\ufedf\ufe98\ufef2 \u0631\u0627\ufeeb\ufee8\ufe96 .\ufecb\ufee0\ufef0 \u0627\ufedf\ufe98\ufebc\ufeaa\ufef3\ufeae \u0648 \u0630\ufedf\ufeda \ufe91\ufe92\ufecc\ufe9a \ufea7\ufee0\ufef4\ufe94 \ufee3\ufea8\ufe98\ufebc\ufe94 \ufee3\ufee8\ufeac \u0627\ufedf\ufe9c\ufee4\ufe8e\ufee7\ufef4\ufee8\ufe8e\u062a\n\u0648 \ufed7\ufeaa \ufedb\u0651\ufee0\ufede \ufeeb\ufeac\u0627 \u0627\ufedf\ufee4\ufeb4\ufecc\ufef0 \ufe91\ufe88\ufee7\ufea0\ufe8e\u0632 \u0627\ufedf\ufecc\ufeaa\ufef3\ufeaa \ufee3\ufee6 \u0627\ufedf\ufee4\ufeb8\ufe8e\u0631\ufef3\ufeca \ufed3\ufef2 \ufedf\ufef4\ufe92\ufef4\ufe8e \u0648\n.\u0627\ufed3\ufe98\ufe98\ufe8e\u062d \ufed3\ufeae\u0639 \ufee3\ufea4\ufee0\ufef2 \ufef3\ufe98\ufee4\ufe98\ufeca \ufe91\ufeec\ufef4\ufedc\ufee0\ufe94 \ufee3\ufeb4\ufe98\ufed8\ufee0\ufe94<\/p>\t\t\t\t\t\t<\/div>\n\t\t\t\t<\/div>\n\t\t\t\t\t<\/div>\n\t\t<\/div>\n\t\t\t\t\t\t\t<\/div>\n\t\t<\/section>\n\t\t\t\t<section class=\"elementor-section elementor-top-section elementor-element elementor-element-14823f57 elementor-section-full_width elementor-section-height-default elementor-section-height-default\" data-id=\"14823f57\" data-element_type=\"section\" data-settings=\"{&quot;background_background&quot;:&quot;classic&quot;}\">\n\t\t\t\t\t\t<div class=\"elementor-container elementor-column-gap-no\">\n\t\t\t\t\t<div class=\"elementor-column elementor-col-100 elementor-top-column elementor-element elementor-element-ceb44a4 animated-slow elementor-invisible\" data-id=\"ceb44a4\" data-element_type=\"column\" data-settings=\"{&quot;background_background&quot;:&quot;classic&quot;,&quot;animation&quot;:&quot;fadeIn&quot;}\">\n\t\t\t<div class=\"elementor-widget-wrap elementor-element-populated\">\n\t\t\t\t\t\t\t\t<div class=\"elementor-element elementor-element-4ab6da4 elementor-widget elementor-widget-heading\" data-id=\"4ab6da4\" data-element_type=\"widget\" data-widget_type=\"heading.default\">\n\t\t\t\t<div class=\"elementor-widget-container\">\n\t\t\t<h2 class=\"elementor-heading-title elementor-size-default\">\u0643\u0644\u0645\u0629 \u0627\u0644\u0631\u0626\u064a\u0633<\/h2>\t\t<\/div>\n\t\t\t\t<\/div>\n\t\t\t\t<div class=\"elementor-element elementor-element-00dfb19 elementor-widget elementor-widget-spacer\" data-id=\"00dfb19\" data-element_type=\"widget\" data-widget_type=\"spacer.default\">\n\t\t\t\t<div class=\"elementor-widget-container\">\n\t\t\t\t\t<div class=\"elementor-spacer\">\n\t\t\t<div class=\"elementor-spacer-inner\"><\/div>\n\t\t<\/div>\n\t\t\t\t<\/div>\n\t\t\t\t<\/div>\n\t\t\t\t<div class=\"elementor-element elementor-element-bcb28c4 elementor-widget elementor-widget-text-editor\" data-id=\"bcb28c4\" data-element_type=\"widget\" data-widget_type=\"text-editor.default\">\n\t\t\t\t<div class=\"elementor-widget-container\">\n\t\t\t\t\t\t\t<p><em>\u0625\u0644\u0649 \u0648\u0627\u0644\u062f\u064a \u0627\u0644\u0647\u0627\u062f\u064a \u0627\u0644\u0630\u064a \u0639\u0645\u0644 \u0628\u062c\u062f \u0645\u0646\u0630 \u0627\u0644\u0635\u063a\u0631 \u0644\u064a\u0646\u0642\u0644 \u0625\u0644\u064a\u0646\u0627 \u0627\u0644\u0642\u064a\u0645 \u0627\u0644\u062a\u064a \u0646\u062f\u064a\u0645\u0647\u0627.<\/em><\/p><p>\u00a0<\/p><p class=\" translation-block\">\u0645\u0639 \u0623\u0643\u062b\u0631 \u0645\u0646 \u062e\u0645\u0633\u064a\u0646 \u0639\u0627\u0645\u064b\u0627 \u0645\u0646 \u0627\u0644\u062e\u0628\u0631\u0629 \u0641\u064a \u0645\u062c\u0627\u0644 \u0627\u0644\u0628\u0646\u0627\u0621 \u0648\u0627\u0644\u0623\u0634\u063a\u0627\u0644 \u0627\u0644\u0639\u0627\u0645\u0629\u060c \u062a\u0634\u062a\u0647\u0631 \u0634\u0631\u0643\u0629 \u0623\u0637\u0631\u0627\u0641 \u0628\u0642\u062f\u0631\u062a\u0647\u0627 \u0639\u0644\u0649 \u0625\u0643\u0645\u0627\u0644 \u0627\u0644\u0645\u0634\u0627\u0631\u064a\u0639 \u0641\u064a \u0627\u0644\u0648\u0642\u062a \u0627\u0644\u0645\u062d\u062f\u062f \u0645\u0639 \u0636\u0645\u0627\u0646 \u0627\u0644\u062c\u0648\u062f\u0629 \u0648\u0631\u0636\u0627 \u0627\u0644\u0639\u0645\u0644\u0627\u0621.<\/p><p class=\" translation-block\">\u063a\u0646\u064a\u0629 \u0628\u0627\u0644\u0648\u0644\u0627\u0621 \u0648\u0627\u0644\u062a\u0636\u062d\u064a\u0629 \u0648\u0627\u0644\u0634\u0639\u0648\u0631 \u0628\u0627\u0644\u0639\u0645\u0644 \u0644\u062f\u0649 \u0631\u062c\u0627\u0644\u0647\u0627 \u0648\u0646\u0633\u0627\u0626\u0647\u0627\u060c \u062a\u0647\u062f\u0641 \u0623\u0637\u0631\u0627\u0641 \u0625\u0644\u0649 \u062a\u0637\u0648\u064a\u0631 \u0645\u062a\u0646\u0627\u063a\u0645 \u0648\u0645\u062a\u064a\u0646 \u0644\u0646\u0634\u0627\u0637\u0647\u0627 \u0648\u0634\u0631\u0639\u062a \u0641\u064a \u062a\u062c\u0631\u0628\u0629 \u062f\u0648\u0644\u064a\u0629 \u0644\u0623\u0643\u062b\u0631 \u0645\u0646 \u0639\u0634\u0631\u064a\u0646 \u0639\u0627\u0645\u064b\u0627.<\/p><p>\u0648\u0627\u062c\u0628\u0646\u0627 \u0647\u0648 \u0645\u0648\u0627\u0635\u0644\u0629 \u062a\u0639\u0632\u064a\u0632 \u0634\u0631\u0643\u062a\u0646\u0627 \u0648\u0645\u0648\u0627\u062c\u0647\u0629 \u062a\u062d\u062f\u064a\u0627\u062a \u062a\u0637\u0648\u0631\u0647\u0627 \u0641\u064a \u0627\u0644\u0645\u0633\u062a\u0642\u0628\u0644.<\/p><p>\u00a0<\/p><p>\u0627\u0644\u0631\u0626\u064a\u0633 \u0627\u0644\u0645\u062f\u064a\u0631 \u0627\u0644\u0639\u0627\u0645<\/p><p><strong>\u0645\u062d\u0645\u062f \u0639\u0628\u064a\u062f<\/strong><\/p>\t\t\t\t\t\t<\/div>\n\t\t\t\t<\/div>\n\t\t\t\t\t<\/div>\n\t\t<\/div>\n\t\t\t\t\t\t\t<\/div>\n\t\t<\/section>\n\t\t\t\t\t\t\t<\/div>","protected":false},"excerpt":{"rendered":"<p>Pr\u00e9sentation et historique ETRAPH est une entreprise g\u00e9n\u00e9rale qui a \u00e9t\u00e9 cr\u00e9\u00e9e en 1960. La diversification de ses activit\u00e9s est un choix strat\u00e9gique qui a \u00e9t\u00e9 consacr\u00e9 au fil des ann\u00e9es: b\u00e2timents, h\u00f4pitaux, ouvrages hydrauliques, ouvrages d&rsquo;art, b\u00e2timents industries, terrassements g\u00e9n\u00e9raux&#8230; Depuis sa cr\u00e9ation, ETRAPH ne cesse d&rsquo;\u00e9voluer par le renforcement de son capital mat\u00e9riel [&hellip;]<\/p>","protected":false},"author":1,"featured_media":0,"parent":0,"menu_order":0,"comment_status":"closed","ping_status":"closed","template":"elementor_header_footer","meta":{"footnotes":""},"class_list":["post-31","page","type-page","status-publish","hentry"],"_links":{"self":[{"href":"https:\/\/etraph.com\/ar\/wp-json\/wp\/v2\/pages\/31","targetHints":{"allow":["GET"]}}],"collection":[{"href":"https:\/\/etraph.com\/ar\/wp-json\/wp\/v2\/pages"}],"about":[{"href":"https:\/\/etraph.com\/ar\/wp-json\/wp\/v2\/types\/page"}],"author":[{"embeddable":true,"href":"https:\/\/etraph.com\/ar\/wp-json\/wp\/v2\/users\/1"}],"replies":[{"embeddable":true,"href":"https:\/\/etraph.com\/ar\/wp-json\/wp\/v2\/comments?post=31"}],"version-history":[{"count":65,"href":"https:\/\/etraph.com\/ar\/wp-json\/wp\/v2\/pages\/31\/revisions"}],"predecessor-version":[{"id":685,"href":"https:\/\/etraph.com\/ar\/wp-json\/wp\/v2\/pages\/31\/revisions\/685"}],"wp:attachment":[{"href":"https:\/\/etraph.com\/ar\/wp-json\/wp\/v2\/media?parent=31"}],"curies":[{"name":"wp","href":"https:\/\/api.w.org\/{rel}","templated":true}]}}