{"id":578,"date":"2023-11-27T15:33:44","date_gmt":"2023-11-27T15:33:44","guid":{"rendered":"https:\/\/etraph.com\/?page_id=578"},"modified":"2023-11-27T15:35:18","modified_gmt":"2023-11-27T15:35:18","slug":"station-de-pompage-a-kalaat-el-andalous","status":"publish","type":"page","link":"https:\/\/etraph.com\/ar\/station-de-pompage-a-kalaat-el-andalous\/","title":{"rendered":"\u0645\u062d\u0637\u0629 \u0627\u0644\u0636\u062e \u0628\u0642\u0644\u0639\u0629 \u0627\u0644\u0623\u0646\u062f\u0644\u0633"},"content":{"rendered":"<div data-elementor-type=\"wp-page\" data-elementor-id=\"578\" class=\"elementor elementor-578\">\n\t\t\t\t\t\t\t\t\t<section class=\"elementor-section elementor-top-section elementor-element elementor-element-4a461d9 elementor-section-boxed elementor-section-height-default elementor-section-height-default\" data-id=\"4a461d9\" data-element_type=\"section\">\n\t\t\t\t\t\t<div class=\"elementor-container elementor-column-gap-default\">\n\t\t\t\t\t<div class=\"elementor-column elementor-col-50 elementor-top-column elementor-element elementor-element-d8c6fdd\" data-id=\"d8c6fdd\" data-element_type=\"column\">\n\t\t\t<div class=\"elementor-widget-wrap elementor-element-populated\">\n\t\t\t\t\t\t\t\t<div class=\"elementor-element elementor-element-bb7b3cf elementor-widget elementor-widget-image\" data-id=\"bb7b3cf\" data-element_type=\"widget\" data-widget_type=\"image.default\">\n\t\t\t\t<div class=\"elementor-widget-container\">\n\t\t\t<style>\/*! elementor - v3.15.0 - 09-08-2023 *\/\n.elementor-widget-image{text-align:center}.elementor-widget-image a{display:inline-block}.elementor-widget-image a img[src$=\".svg\"]{width:48px}.elementor-widget-image img{vertical-align:middle;display:inline-block}<\/style>\t\t\t\t\t\t\t\t\t\t\t\t<img loading=\"lazy\" decoding=\"async\" width=\"800\" height=\"750\" src=\"https:\/\/etraph.com\/wp-content\/uploads\/2023\/11\/Station-de-Pompage-a-Kalaat-El-Andalous-1024x960.png\" class=\"attachment-large size-large wp-image-580\" alt=\"\" srcset=\"https:\/\/etraph.com\/wp-content\/uploads\/2023\/11\/Station-de-Pompage-a-Kalaat-El-Andalous-1024x960.png 1024w, https:\/\/etraph.com\/wp-content\/uploads\/2023\/11\/Station-de-Pompage-a-Kalaat-El-Andalous-300x281.png 300w, https:\/\/etraph.com\/wp-content\/uploads\/2023\/11\/Station-de-Pompage-a-Kalaat-El-Andalous-768x720.png 768w, https:\/\/etraph.com\/wp-content\/uploads\/2023\/11\/Station-de-Pompage-a-Kalaat-El-Andalous-1536x1440.png 1536w, https:\/\/etraph.com\/wp-content\/uploads\/2023\/11\/Station-de-Pompage-a-Kalaat-El-Andalous-2048x1920.png 2048w\" sizes=\"auto, (max-width: 800px) 100vw, 800px\" \/>\t\t\t\t\t\t\t\t\t\t\t\t\t\t\t<\/div>\n\t\t\t\t<\/div>\n\t\t\t\t\t<\/div>\n\t\t<\/div>\n\t\t\t\t<div class=\"elementor-column elementor-col-50 elementor-top-column elementor-element elementor-element-fb6af88\" data-id=\"fb6af88\" data-element_type=\"column\">\n\t\t\t<div class=\"elementor-widget-wrap elementor-element-populated\">\n\t\t\t\t\t\t\t\t<div class=\"elementor-element elementor-element-8512145 animated-slow elementor-invisible elementor-widget elementor-widget-heading\" data-id=\"8512145\" data-element_type=\"widget\" data-settings=\"{&quot;_animation&quot;:&quot;fadeIn&quot;}\" data-widget_type=\"heading.default\">\n\t\t\t\t<div class=\"elementor-widget-container\">\n\t\t\t<style>\/*! elementor - v3.15.0 - 09-08-2023 *\/\n.elementor-heading-title{padding:0;margin:0;line-height:1}.elementor-widget-heading .elementor-heading-title[class*=elementor-size-]>a{color:inherit;font-size:inherit;line-height:inherit}.elementor-widget-heading .elementor-heading-title.elementor-size-small{font-size:15px}.elementor-widget-heading .elementor-heading-title.elementor-size-medium{font-size:19px}.elementor-widget-heading .elementor-heading-title.elementor-size-large{font-size:29px}.elementor-widget-heading .elementor-heading-title.elementor-size-xl{font-size:39px}.elementor-widget-heading .elementor-heading-title.elementor-size-xxl{font-size:59px}<\/style><h2 class=\"elementor-heading-title elementor-size-default\">\u0645\u062d\u0637\u0629 \u0627\u0644\u0636\u062e \u0628\u0642\u0644\u0639\u0629 \u0627\u0644\u0623\u0646\u062f\u0644\u0633<\/h2>\t\t<\/div>\n\t\t\t\t<\/div>\n\t\t\t\t<div class=\"elementor-element elementor-element-d7c7014 elementor-widget-divider--view-line elementor-widget elementor-widget-divider\" data-id=\"d7c7014\" data-element_type=\"widget\" data-widget_type=\"divider.default\">\n\t\t\t\t<div class=\"elementor-widget-container\">\n\t\t\t<style>\/*! elementor - v3.15.0 - 09-08-2023 *\/\n.elementor-widget-divider{--divider-border-style:none;--divider-border-width:1px;--divider-color:#0c0d0e;--divider-icon-size:20px;--divider-element-spacing:10px;--divider-pattern-height:24px;--divider-pattern-size:20px;--divider-pattern-url:none;--divider-pattern-repeat:repeat-x}.elementor-widget-divider .elementor-divider{display:flex}.elementor-widget-divider .elementor-divider__text{font-size:15px;line-height:1;max-width:95%}.elementor-widget-divider .elementor-divider__element{margin:0 var(--divider-element-spacing);flex-shrink:0}.elementor-widget-divider .elementor-icon{font-size:var(--divider-icon-size)}.elementor-widget-divider .elementor-divider-separator{display:flex;margin:0;direction:ltr}.elementor-widget-divider--view-line_icon .elementor-divider-separator,.elementor-widget-divider--view-line_text .elementor-divider-separator{align-items:center}.elementor-widget-divider--view-line_icon .elementor-divider-separator:after,.elementor-widget-divider--view-line_icon .elementor-divider-separator:before,.elementor-widget-divider--view-line_text .elementor-divider-separator:after,.elementor-widget-divider--view-line_text .elementor-divider-separator:before{display:block;content:\"\";border-bottom:0;flex-grow:1;border-top:var(--divider-border-width) var(--divider-border-style) var(--divider-color)}.elementor-widget-divider--element-align-left .elementor-divider .elementor-divider-separator>.elementor-divider__svg:first-of-type{flex-grow:0;flex-shrink:100}.elementor-widget-divider--element-align-left .elementor-divider-separator:before{content:none}.elementor-widget-divider--element-align-left .elementor-divider__element{margin-left:0}.elementor-widget-divider--element-align-right .elementor-divider .elementor-divider-separator>.elementor-divider__svg:last-of-type{flex-grow:0;flex-shrink:100}.elementor-widget-divider--element-align-right .elementor-divider-separator:after{content:none}.elementor-widget-divider--element-align-right .elementor-divider__element{margin-right:0}.elementor-widget-divider:not(.elementor-widget-divider--view-line_text):not(.elementor-widget-divider--view-line_icon) .elementor-divider-separator{border-top:var(--divider-border-width) var(--divider-border-style) var(--divider-color)}.elementor-widget-divider--separator-type-pattern{--divider-border-style:none}.elementor-widget-divider--separator-type-pattern.elementor-widget-divider--view-line .elementor-divider-separator,.elementor-widget-divider--separator-type-pattern:not(.elementor-widget-divider--view-line) .elementor-divider-separator:after,.elementor-widget-divider--separator-type-pattern:not(.elementor-widget-divider--view-line) .elementor-divider-separator:before,.elementor-widget-divider--separator-type-pattern:not([class*=elementor-widget-divider--view]) .elementor-divider-separator{width:100%;min-height:var(--divider-pattern-height);-webkit-mask-size:var(--divider-pattern-size) 100%;mask-size:var(--divider-pattern-size) 100%;-webkit-mask-repeat:var(--divider-pattern-repeat);mask-repeat:var(--divider-pattern-repeat);background-color:var(--divider-color);-webkit-mask-image:var(--divider-pattern-url);mask-image:var(--divider-pattern-url)}.elementor-widget-divider--no-spacing{--divider-pattern-size:auto}.elementor-widget-divider--bg-round{--divider-pattern-repeat:round}.rtl .elementor-widget-divider .elementor-divider__text{direction:rtl}.e-con-inner>.elementor-widget-divider,.e-con>.elementor-widget-divider{width:var(--container-widget-width,100%);--flex-grow:var(--container-widget-flex-grow)}<\/style>\t\t<div class=\"elementor-divider\">\n\t\t\t<span class=\"elementor-divider-separator\">\n\t\t\t\t\t\t<\/span>\n\t\t<\/div>\n\t\t\t\t<\/div>\n\t\t\t\t<\/div>\n\t\t\t\t<div class=\"elementor-element elementor-element-c40b386 elementor-widget elementor-widget-text-editor\" data-id=\"c40b386\" data-element_type=\"widget\" data-widget_type=\"text-editor.default\">\n\t\t\t\t<div class=\"elementor-widget-container\">\n\t\t\t<style>\/*! elementor - v3.15.0 - 09-08-2023 *\/\n.elementor-widget-text-editor.elementor-drop-cap-view-stacked .elementor-drop-cap{background-color:#69727d;color:#fff}.elementor-widget-text-editor.elementor-drop-cap-view-framed .elementor-drop-cap{color:#69727d;border:3px solid;background-color:transparent}.elementor-widget-text-editor:not(.elementor-drop-cap-view-default) .elementor-drop-cap{margin-top:8px}.elementor-widget-text-editor:not(.elementor-drop-cap-view-default) .elementor-drop-cap-letter{width:1em;height:1em}.elementor-widget-text-editor .elementor-drop-cap{float:left;text-align:center;line-height:1;font-size:50px}.elementor-widget-text-editor .elementor-drop-cap-letter{display:inline-block}<\/style>\t\t\t\t<p><strong>\ufee3\ufeb8\ufeae\u0648\u0639:<\/strong> \u0645\u062d\u0637\u0629 \u0627\u0644\u0636\u062e \u0628\u0642\u0644\u0639\u0629 \u0627\u0644\u0623\u0646\u062f\u0644\u0633<\/p><p><strong> \u0627\ufedf\ufee4\ufe8e\ufedf\ufeda: <\/strong>\u0648\u0632\u0627\u0631\u0629 \u0627\u0644\u0641\u0644\u0627\u062d\u0629<\/p><p><strong>\u0627\ufedf\ufee4\ufeee\ufed7\ufeca:<\/strong> \u0642\u0644\u0639\u0629 \u0627\u0644\u0623\u0646\u062f\u0644\u0633 - \u062a\u0648\u0646\u0633<\/p><p><strong>\ufee7\ufec4\ufe8e\u0642 \u0627\ufef7\ufecb\ufee4\ufe8e\u0644:<\/strong> \u0623\ufecb\ufee4\ufe8e\u0644 \ufee3\ufeaa\ufee7\ufef4\ufe94<\/p><p><strong>\ufe91\ufeaa\u0621 \u0627\ufef7\ufecb\ufee4\ufe8e\u0644:<\/strong> 1987<\/p>\t\t\t\t\t\t<\/div>\n\t\t\t\t<\/div>\n\t\t\t\t\t<\/div>\n\t\t<\/div>\n\t\t\t\t\t\t\t<\/div>\n\t\t<\/section>\n\t\t\t\t\t\t\t<\/div>","protected":false},"excerpt":{"rendered":"<p>Station de Pompage \u00e0 Kalaat El Andalous Projet: Station de Pompage \u00e0 Kalaat El Andalous Maitre d\u2019ouvrage: Minist\u00e8re de l&rsquo;Agriculture Localisation: Kalaat El Andalous &#8211; Tunisie Etendue des travaux: Lot g\u00e9nie civil P\u00e9riode de r\u00e9alisation: 1987<\/p>","protected":false},"author":1,"featured_media":0,"parent":0,"menu_order":0,"comment_status":"closed","ping_status":"closed","template":"elementor_header_footer","meta":{"footnotes":""},"class_list":["post-578","page","type-page","status-publish","hentry"],"_links":{"self":[{"href":"https:\/\/etraph.com\/ar\/wp-json\/wp\/v2\/pages\/578","targetHints":{"allow":["GET"]}}],"collection":[{"href":"https:\/\/etraph.com\/ar\/wp-json\/wp\/v2\/pages"}],"about":[{"href":"https:\/\/etraph.com\/ar\/wp-json\/wp\/v2\/types\/page"}],"author":[{"embeddable":true,"href":"https:\/\/etraph.com\/ar\/wp-json\/wp\/v2\/users\/1"}],"replies":[{"embeddable":true,"href":"https:\/\/etraph.com\/ar\/wp-json\/wp\/v2\/comments?post=578"}],"version-history":[{"count":4,"href":"https:\/\/etraph.com\/ar\/wp-json\/wp\/v2\/pages\/578\/revisions"}],"predecessor-version":[{"id":583,"href":"https:\/\/etraph.com\/ar\/wp-json\/wp\/v2\/pages\/578\/revisions\/583"}],"wp:attachment":[{"href":"https:\/\/etraph.com\/ar\/wp-json\/wp\/v2\/media?parent=578"}],"curies":[{"name":"wp","href":"https:\/\/api.w.org\/{rel}","templated":true}]}}