{"id":626,"date":"2023-11-27T17:14:08","date_gmt":"2023-11-27T17:14:08","guid":{"rendered":"https:\/\/etraph.com\/?page_id=626"},"modified":"2023-11-27T17:15:38","modified_gmt":"2023-11-27T17:15:38","slug":"hotel-le-president","status":"publish","type":"page","link":"https:\/\/etraph.com\/ar\/hotel-le-president\/","title":{"rendered":"\u0641\u0646\u062f\u0642 \u0644\u0648 \u0628\u0631\u0632\u064a\u062f\u0627\u0646"},"content":{"rendered":"<div data-elementor-type=\"wp-page\" data-elementor-id=\"626\" class=\"elementor elementor-626\">\n\t\t\t\t\t\t\t\t\t<section class=\"elementor-section elementor-top-section elementor-element elementor-element-4a461d9 elementor-section-boxed elementor-section-height-default elementor-section-height-default\" data-id=\"4a461d9\" data-element_type=\"section\">\n\t\t\t\t\t\t<div class=\"elementor-container elementor-column-gap-default\">\n\t\t\t\t\t<div class=\"elementor-column elementor-col-50 elementor-top-column elementor-element elementor-element-d8c6fdd\" data-id=\"d8c6fdd\" data-element_type=\"column\">\n\t\t\t<div class=\"elementor-widget-wrap elementor-element-populated\">\n\t\t\t\t\t\t\t\t<div class=\"elementor-element elementor-element-bb7b3cf elementor-widget elementor-widget-image\" data-id=\"bb7b3cf\" data-element_type=\"widget\" data-widget_type=\"image.default\">\n\t\t\t\t<div class=\"elementor-widget-container\">\n\t\t\t<style>\/*! elementor - v3.15.0 - 09-08-2023 *\/\n.elementor-widget-image{text-align:center}.elementor-widget-image a{display:inline-block}.elementor-widget-image a img[src$=\".svg\"]{width:48px}.elementor-widget-image img{vertical-align:middle;display:inline-block}<\/style>\t\t\t\t\t\t\t\t\t\t\t\t<img loading=\"lazy\" decoding=\"async\" width=\"800\" height=\"745\" src=\"https:\/\/etraph.com\/wp-content\/uploads\/2023\/11\/Hotel-Le-President-1024x954.png\" class=\"attachment-large size-large wp-image-628\" alt=\"\" srcset=\"https:\/\/etraph.com\/wp-content\/uploads\/2023\/11\/Hotel-Le-President-1024x954.png 1024w, https:\/\/etraph.com\/wp-content\/uploads\/2023\/11\/Hotel-Le-President-300x279.png 300w, https:\/\/etraph.com\/wp-content\/uploads\/2023\/11\/Hotel-Le-President-768x715.png 768w, https:\/\/etraph.com\/wp-content\/uploads\/2023\/11\/Hotel-Le-President-1536x1431.png 1536w, https:\/\/etraph.com\/wp-content\/uploads\/2023\/11\/Hotel-Le-President-2048x1907.png 2048w\" sizes=\"auto, (max-width: 800px) 100vw, 800px\" \/>\t\t\t\t\t\t\t\t\t\t\t\t\t\t\t<\/div>\n\t\t\t\t<\/div>\n\t\t\t\t\t<\/div>\n\t\t<\/div>\n\t\t\t\t<div class=\"elementor-column elementor-col-50 elementor-top-column elementor-element elementor-element-fb6af88\" data-id=\"fb6af88\" data-element_type=\"column\">\n\t\t\t<div class=\"elementor-widget-wrap elementor-element-populated\">\n\t\t\t\t\t\t\t\t<div class=\"elementor-element elementor-element-8512145 animated-slow elementor-invisible elementor-widget elementor-widget-heading\" data-id=\"8512145\" data-element_type=\"widget\" data-settings=\"{&quot;_animation&quot;:&quot;fadeIn&quot;}\" data-widget_type=\"heading.default\">\n\t\t\t\t<div class=\"elementor-widget-container\">\n\t\t\t<style>\/*! elementor - v3.15.0 - 09-08-2023 *\/\n.elementor-heading-title{padding:0;margin:0;line-height:1}.elementor-widget-heading .elementor-heading-title[class*=elementor-size-]>a{color:inherit;font-size:inherit;line-height:inherit}.elementor-widget-heading .elementor-heading-title.elementor-size-small{font-size:15px}.elementor-widget-heading .elementor-heading-title.elementor-size-medium{font-size:19px}.elementor-widget-heading .elementor-heading-title.elementor-size-large{font-size:29px}.elementor-widget-heading .elementor-heading-title.elementor-size-xl{font-size:39px}.elementor-widget-heading .elementor-heading-title.elementor-size-xxl{font-size:59px}<\/style><h2 class=\"elementor-heading-title elementor-size-default\">\u0641\u0646\u062f\u0642 \u0644\u0648 \u0628\u0631\u0632\u064a\u062f\u0627\u0646<\/h2>\t\t<\/div>\n\t\t\t\t<\/div>\n\t\t\t\t<div class=\"elementor-element elementor-element-d7c7014 elementor-widget-divider--view-line elementor-widget elementor-widget-divider\" data-id=\"d7c7014\" data-element_type=\"widget\" data-widget_type=\"divider.default\">\n\t\t\t\t<div class=\"elementor-widget-container\">\n\t\t\t<style>\/*! elementor - v3.15.0 - 09-08-2023 *\/\n.elementor-widget-divider{--divider-border-style:none;--divider-border-width:1px;--divider-color:#0c0d0e;--divider-icon-size:20px;--divider-element-spacing:10px;--divider-pattern-height:24px;--divider-pattern-size:20px;--divider-pattern-url:none;--divider-pattern-repeat:repeat-x}.elementor-widget-divider .elementor-divider{display:flex}.elementor-widget-divider .elementor-divider__text{font-size:15px;line-height:1;max-width:95%}.elementor-widget-divider .elementor-divider__element{margin:0 var(--divider-element-spacing);flex-shrink:0}.elementor-widget-divider .elementor-icon{font-size:var(--divider-icon-size)}.elementor-widget-divider .elementor-divider-separator{display:flex;margin:0;direction:ltr}.elementor-widget-divider--view-line_icon .elementor-divider-separator,.elementor-widget-divider--view-line_text .elementor-divider-separator{align-items:center}.elementor-widget-divider--view-line_icon .elementor-divider-separator:after,.elementor-widget-divider--view-line_icon .elementor-divider-separator:before,.elementor-widget-divider--view-line_text .elementor-divider-separator:after,.elementor-widget-divider--view-line_text .elementor-divider-separator:before{display:block;content:\"\";border-bottom:0;flex-grow:1;border-top:var(--divider-border-width) var(--divider-border-style) var(--divider-color)}.elementor-widget-divider--element-align-left .elementor-divider .elementor-divider-separator>.elementor-divider__svg:first-of-type{flex-grow:0;flex-shrink:100}.elementor-widget-divider--element-align-left .elementor-divider-separator:before{content:none}.elementor-widget-divider--element-align-left .elementor-divider__element{margin-left:0}.elementor-widget-divider--element-align-right .elementor-divider .elementor-divider-separator>.elementor-divider__svg:last-of-type{flex-grow:0;flex-shrink:100}.elementor-widget-divider--element-align-right .elementor-divider-separator:after{content:none}.elementor-widget-divider--element-align-right .elementor-divider__element{margin-right:0}.elementor-widget-divider:not(.elementor-widget-divider--view-line_text):not(.elementor-widget-divider--view-line_icon) .elementor-divider-separator{border-top:var(--divider-border-width) var(--divider-border-style) var(--divider-color)}.elementor-widget-divider--separator-type-pattern{--divider-border-style:none}.elementor-widget-divider--separator-type-pattern.elementor-widget-divider--view-line .elementor-divider-separator,.elementor-widget-divider--separator-type-pattern:not(.elementor-widget-divider--view-line) .elementor-divider-separator:after,.elementor-widget-divider--separator-type-pattern:not(.elementor-widget-divider--view-line) .elementor-divider-separator:before,.elementor-widget-divider--separator-type-pattern:not([class*=elementor-widget-divider--view]) .elementor-divider-separator{width:100%;min-height:var(--divider-pattern-height);-webkit-mask-size:var(--divider-pattern-size) 100%;mask-size:var(--divider-pattern-size) 100%;-webkit-mask-repeat:var(--divider-pattern-repeat);mask-repeat:var(--divider-pattern-repeat);background-color:var(--divider-color);-webkit-mask-image:var(--divider-pattern-url);mask-image:var(--divider-pattern-url)}.elementor-widget-divider--no-spacing{--divider-pattern-size:auto}.elementor-widget-divider--bg-round{--divider-pattern-repeat:round}.rtl .elementor-widget-divider .elementor-divider__text{direction:rtl}.e-con-inner>.elementor-widget-divider,.e-con>.elementor-widget-divider{width:var(--container-widget-width,100%);--flex-grow:var(--container-widget-flex-grow)}<\/style>\t\t<div class=\"elementor-divider\">\n\t\t\t<span class=\"elementor-divider-separator\">\n\t\t\t\t\t\t<\/span>\n\t\t<\/div>\n\t\t\t\t<\/div>\n\t\t\t\t<\/div>\n\t\t\t\t<div class=\"elementor-element elementor-element-c40b386 elementor-widget elementor-widget-text-editor\" data-id=\"c40b386\" data-element_type=\"widget\" data-widget_type=\"text-editor.default\">\n\t\t\t\t<div class=\"elementor-widget-container\">\n\t\t\t<style>\/*! elementor - v3.15.0 - 09-08-2023 *\/\n.elementor-widget-text-editor.elementor-drop-cap-view-stacked .elementor-drop-cap{background-color:#69727d;color:#fff}.elementor-widget-text-editor.elementor-drop-cap-view-framed .elementor-drop-cap{color:#69727d;border:3px solid;background-color:transparent}.elementor-widget-text-editor:not(.elementor-drop-cap-view-default) .elementor-drop-cap{margin-top:8px}.elementor-widget-text-editor:not(.elementor-drop-cap-view-default) .elementor-drop-cap-letter{width:1em;height:1em}.elementor-widget-text-editor .elementor-drop-cap{float:left;text-align:center;line-height:1;font-size:50px}.elementor-widget-text-editor .elementor-drop-cap-letter{display:inline-block}<\/style>\t\t\t\t<p><strong>\ufee3\ufeb8\ufeae\u0648\u0639:<\/strong> \u0641\u0646\u062f\u0642 \u0644\u0648 \u0628\u0631\u0632\u064a\u062f\u0627\u0646<\/p><p><strong> \u0627\ufedf\ufee4\ufe8e\ufedf\ufeda: <\/strong>\u0627\u0644\u0634\u0631\u0643\u0629 \u0627\u0644\u0633\u064a\u0627\u062d\u064a\u0629 \u0644\u0644\u0646\u0632\u0644<\/p><p><strong>\u0627\ufedf\ufee4\ufeee\ufed7\ufeca:<\/strong> \u0627\u0644\u062d\u0645\u0627\u0645\u0627\u062a \u2013 \u062a\u0648\u0646\u0633<\/p><p><strong>\ufee7\ufec4\ufe8e\u0642 \u0627\ufef7\ufecb\ufee4\ufe8e\u0644:<\/strong> \ufed3\ufee8\ufeaa\u0642 4 \ufee7\ufea0\ufeee\u0645<\/p><p><strong>\u0627\ufedf\ufee4\ufeb4\ufe8e\ufea3\ufe94 \u0627\ufedf\ufee4\ufed0\ufec4\ufe8e\u0629:<\/strong> 16 000m2<\/p><p><strong>\ufe91\ufeaa\u0621 \u0627\ufef7\ufecb\ufee4\ufe8e\u0644:<\/strong> 1982 &#8211; 1984<\/p>\t\t\t\t\t\t<\/div>\n\t\t\t\t<\/div>\n\t\t\t\t\t<\/div>\n\t\t<\/div>\n\t\t\t\t\t\t\t<\/div>\n\t\t<\/section>\n\t\t\t\t\t\t\t<\/div>","protected":false},"excerpt":{"rendered":"<p>H\u00f4tel Le Pr\u00e9sident Projet: H\u00f4tel Le Pr\u00e9sident Maitre d\u2019ouvrage: SOTETEL Localisation: Hammamet &#8211; Tunisie Etendue des travaux: H\u00f4tel 4 \u00e9toiles Surface couverte: 16 000m2 P\u00e9riode de r\u00e9alisation: 1982 &#8211; 1984<\/p>","protected":false},"author":1,"featured_media":0,"parent":0,"menu_order":0,"comment_status":"closed","ping_status":"closed","template":"elementor_header_footer","meta":{"footnotes":""},"class_list":["post-626","page","type-page","status-publish","hentry"],"_links":{"self":[{"href":"https:\/\/etraph.com\/ar\/wp-json\/wp\/v2\/pages\/626","targetHints":{"allow":["GET"]}}],"collection":[{"href":"https:\/\/etraph.com\/ar\/wp-json\/wp\/v2\/pages"}],"about":[{"href":"https:\/\/etraph.com\/ar\/wp-json\/wp\/v2\/types\/page"}],"author":[{"embeddable":true,"href":"https:\/\/etraph.com\/ar\/wp-json\/wp\/v2\/users\/1"}],"replies":[{"embeddable":true,"href":"https:\/\/etraph.com\/ar\/wp-json\/wp\/v2\/comments?post=626"}],"version-history":[{"count":4,"href":"https:\/\/etraph.com\/ar\/wp-json\/wp\/v2\/pages\/626\/revisions"}],"predecessor-version":[{"id":631,"href":"https:\/\/etraph.com\/ar\/wp-json\/wp\/v2\/pages\/626\/revisions\/631"}],"wp:attachment":[{"href":"https:\/\/etraph.com\/ar\/wp-json\/wp\/v2\/media?parent=626"}],"curies":[{"name":"wp","href":"https:\/\/api.w.org\/{rel}","templated":true}]}}